{"id":175,"date":"2018-10-19T10:46:22","date_gmt":"2018-10-19T08:46:22","guid":{"rendered":"https:\/\/www.romeoegiuliettafoodandwine.com\/?page_id=175"},"modified":"2018-10-19T10:46:22","modified_gmt":"2018-10-19T08:46:22","slug":"privacy-policy","status":"publish","type":"page","link":"https:\/\/www.romeoegiuliettafoodandwine.com\/en\/privacy-policy\/","title":{"rendered":"Privacy Policy"},"content":{"rendered":"<h1>PRIVACY e COOKIE POLICY<\/h1>\n<p>Gentile Visitatore, a seguito della consultazione di questo sito web possono essere trattati dati relativi a persone fisiche identificate o identificabili.<br \/>\nIn riferimento a tale trattamento di dati si rendono, anche ai sensi dell&#8217;art. 13 del Regolamento generale europeo sulla protezione dei dati (Regolamento UE 2016\/679), le seguenti informazioni, la cui validit\u00e0 non \u00e8 estesa per eventuali altri siti web esterni consultati dall&#8217;utente tramite link presenti su questo sito.<br \/>\nCon la prosecuzione della navigazione, e con l\u2019adesione alle proposte di servizio contenute nelle varie parti del sito (iscrizione alla nostra newsletter, compilazione di form per richiedere informazioni,\u2026), si danno per acquisite queste informazioni generali sul trattamento, nonch\u00e9 le eventuali specifiche informazioni legate a trattamenti per finalit\u00e0 diverse e specifiche, e l\u2019utente esplicita il relativo consenso ai trattamenti. Si sottolinea che il consenso \u00e8 valido unicamente se proviene da persona maggiorenne o da minore che abbia compiuto i 14 anni.<\/p>\n<h2>TITOLARE DEL TRATTAMENTO<\/h2>\n<p>Romeo e Giulietta Food and Wine (denominazione e dati identificativi dell\u2019impresa o societ\u00e0), con sede a Verona (Italia), in Piazza Cittadella, 12 \u2013 C.F 93279740232.<\/p>\n<h2>TIPI DI DATI TRATTATI<\/h2>\n<p><strong>Dati di navigazione<\/strong><br \/>\nI sistemi informatici e le procedure software preposte al funzionamento di questo sito web acquisiscono, nel corso del loro normale esercizio, alcuni dati personali la cui trasmissione \u00e8 implicita nell&#8217;uso dei protocolli di comunicazione di Internet.<br \/>\nSi tratta di informazioni che non sono raccolte per essere associate a interessati identificati, ma che per loro stessa natura potrebbero, attraverso elaborazioni ed associazioni con dati detenuti da terzi, permettere di identificare gli utenti.<br \/>\nIn questa categoria di dati rientrano, ad esempio, gli indirizzi IP o i nomi a dominio dei computer o degli altri strumenti utilizzati dagli utenti che si connettono al sito, gli indirizzi in notazione URI (Uniform Resource Identifier) delle risorse richieste, l&#8217;orario della richiesta, il metodo utilizzato nel sottoporre la richiesta al server, la dimensione del file ottenuto in risposta, il codice numerico indicante lo stato della risposta data dal server (buon fine, errore, ecc.) ed altri parametri relativi al sistema operativo e all&#8217;ambiente informatico dell&#8217;utente.<br \/>\nQuesti dati vengono utilizzati al solo fine di ricavare informazioni statistiche anonime sull&#8217;uso del sito e per controllarne il corretto funzionamento e vengono cancellati immediatamente dopo l&#8217;elaborazione.<\/p>\n<p><strong>Cookies<\/strong><br \/>\nInformativa ex art. 13 del Codice della Privacy redatta in conformit\u00e0 al Provvedimento del Garante per la protezione dei dati personali del 08.05.2014.<\/p>\n<p>I cookie sono stringhe di testo di piccole dimensioni che i siti visitati dall\u2019utente inviano al suo terminale, dove vengono memorizzati per essere poi ritrasmessi agli stessi siti alla successiva visita del medesimo utente.<\/p>\n<p>Il presente sito, gestito da Romeo e Giulietta Food and Wine (denominazione e dati identificativi dell\u2019impresa o societ\u00e0), con sede a Verona (Italia), in Piazza Cittadella, 12 \u2013 C.F 93279740232., che assume, pertanto, la qualit\u00e0 di titolare del trattamento ai sensi del D.Lgs. n. 196\/03 (Codice della privacy), utilizza solamente cookie tecnici, definiti come quelli utilizzati al solo fine di \u201ceffettuare la trasmissione di una comunicazione su una rete di comunicazione elettronica, o nella misura strettamente necessaria al fornitore di un servizio della societ\u00e0 dell\u2019informazione esplicitamente richiesto dall\u2019abbonato o dall\u2019utente di erogare tale servizio\u201d (cfr art. 122 comma 1 del Codice della privacy).<\/p>\n<p>In particolare, trattasi dei seguenti:<\/p>\n<table class=\"table_cookie\">\n<thead>\n<tr>\n<th>Nome del cookie<\/th>\n<th>Funzione<\/th>\n<th>Durata<\/th>\n<\/tr>\n<\/thead>\n<tbody>\n<tr>\n<td>qtrans_cookie_test<\/td>\n<td>qTranslate plugin cookie<\/td>\n<td>Fine della sessione del browser<\/td>\n<\/tr>\n<tr>\n<td>_gat<\/td>\n<td>Cookie di Analytics<\/td>\n<td>10 minuti dall\u2019inizializzazione\/aggiornamento<\/td>\n<\/tr>\n<tr>\n<td>_ga<\/td>\n<td>Cookie di Analytics<\/td>\n<td>2 anni dall\u2019inizializzazione\/aggiornamento<\/td>\n<\/tr>\n<tr>\n<td>YSC<\/td>\n<td>Cookie di Youtube<\/td>\n<td>Fine della sessione del browser<\/td>\n<\/tr>\n<tr>\n<td>VISITOR_INFO1_LIVE<\/td>\n<td>Cookie di Youtube<\/td>\n<td>240 giorni dall\u2019inizializzazione\/aggiornamento<\/td>\n<\/tr>\n<tr>\n<td>PREF<\/td>\n<td>Cookie di Youtube<\/td>\n<td>240 giorni dall\u2019inizializzazione\/aggiornamento<\/td>\n<\/tr>\n<tr>\n<td>GEUP<\/td>\n<td>Cookie di Youtube<\/td>\n<td>2 anni dell\u2019inizializzazione\/aggiornamento<\/td>\n<\/tr>\n<tr>\n<td>EuCookieLaw<\/td>\n<td>Cookie di Sessione<\/td>\n<td>Fine della sessione del browser<\/td>\n<\/tr>\n<\/tbody>\n<\/table>\n<p>&nbsp;<\/p>\n<p>Per l\u2019installazione e l\u2019utilizzo di tali cookie non \u00e8 richiesto il preventivo consenso dell\u2019utente.<br \/>\nTrattasi di cookie necessari, in quanto indispensabili per il corretto funzionamento delle applicazioni.<br \/>\nIl presente sito web consente di selezionare\/deselezionare i singoli cookie, con le modalit\u00e0 di seguito illustrate, ma si avverte che, in caso di disattivazione, potrebbe non essere garantita la completa fruibilit\u00e0 del medesimo.<br \/>\nPer disattivare, rimuovere o bloccare i cookie \u00e8 possibile ricorrere alle impostazioni del browser, secondo le indicazioni riportate di seguito:<\/p>\n<p>Firefox:<\/p>\n<ul>\n<li>Apri Firefox<\/li>\n<li>Premi il pulsante \u201cAlt\u201d sulla tastiera<\/li>\n<li>Nella barra degli strumenti situata nella parte superiore del browser, seleziona \u201cStrumenti\u201d e successivamente \u201cOpzioni\u201d<\/li>\n<li>Seleziona quindi la scheda \u201cPrivacy\u201d<\/li>\n<li>Vai su \u201cImpostazioni Cronologia\u201d e successivamente su \u201cUtilizza impostazioni personalizzate\u201d<\/li>\n<li class=\"last-child\">Deseleziona \u201cAccetta i cookie dai siti\u201d e salva le preferenze<\/li>\n<\/ul>\n<p>Internet Explorer:<\/p>\n<ul>\n<li>Apri Internet Explorer<\/li>\n<li>Clicca sul pulsante \u201cStrumenti\u201d e quindi su \u201cOpzioni Internet\u201d<\/li>\n<li>Seleziona la scheda \u201cPrivacy\u201d e sposta il dispositivo di scorrimento sul livello di privacy che desideri impostare (verso l\u2019alto per bloccare tutti i cookies o verso il basso per consentirli tutti)<\/li>\n<li class=\"last-child\">Quindi clicca su \u201cOk\u201d<\/li>\n<\/ul>\n<p>Google Chrome:<\/p>\n<ul>\n<li>Clicca sull\u2019icona \u201cStrumenti\u201d<\/li>\n<li>Seleziona \u201cImpostazioni\u201d e successivamente \u201cImpostazioni avanzate\u201d<\/li>\n<li>Seleziona \u201cImpostazioni dei contenuti\u201d sotto la voce \u201cPrivacy\u201d<\/li>\n<li class=\"last-child\">Nella scheda \u201cCookies\u201d \u00e8 possibile deselezionare i cookies e salvare le preferenze<\/li>\n<\/ul>\n<p>Safari:<\/p>\n<ul>\n<li>Apri Safari<\/li>\n<li>Scegli \u201cPreferenze\u201d nella barra degli strumenti, quindi seleziona il pannello \u201cSicurezza\u201d nella finestra di dialogo che segue<\/li>\n<li>Nella sezione \u201cAccetta cookie\u201d \u00e8 possibile specificare se e quando Safari deve salvare i cookies dai siti web. Per ulteriori informazioni clicca sul pulsante di Aiuto (contrassegnato da un punto interrogativo)<\/li>\n<li class=\"last-child\">Per maggiori informazioni sui cookies che vengono memorizzati sul vostro computer, clicca su \u201cMostra cookie\u201d<\/li>\n<\/ul>\n<p>Informazioni utili sui cookie sono disponibili a questi indirizzi:\u00a0<a href=\"http:\/\/www.allaboutcookies.org\/\" target=\"_blank\" rel=\"noopener\">http:\/\/www.allaboutcookies.org<\/a>. Per maggiori informazioni sull\u2019utilizzo dei cookie ciascun interessato potr\u00e0 rivolgersi direttamente al titolare, a mezzo e-mail, al seguente indirizzo:\u00a0<a href=\"mailto:info@www.romeoegiuliettafoodandwine.com\">info@www.romeoegiuliettafoodandwine.com<\/a>, anche al fine di richiedere l\u2019elenco completo dei responsabili del trattamento dei dati.<\/p>\n<p><span data-mce-type=\"bookmark\" style=\"display: inline-block; width: 0px; overflow: hidden; line-height: 0;\" class=\"mce_SELRES_start\">\ufeff<\/span><\/p>\n<p><strong>Dati forniti volontariamente dall&#8217;utente<\/strong><br \/>\nL&#8217;invio facoltativo, esplicito e volontario di posta elettronica agli indirizzi indicati su questo sito comporta la successiva acquisizione dell&#8217;indirizzo del mittente, necessario per rispondere alle richieste, nonch\u00e9 degli eventuali altri dati personali inseriti nella missiva. Specifiche informative di sintesi vengono inoltre riportate o visualizzate nelle sezioni del sito predisposte per particolari servizi a richiesta e sottoposte, se del caso, al consenso dell\u2019interessato (ad esempio per l\u2019iscrizione alla newsletter).<\/p>\n<h2>FINALITA\u2019 DEL TRATTAMENTO E FACOLTATIVITA&#8217; DEL CONFERIMENTO DEI DATI<\/h2>\n<p>A parte quanto specificato per i dati di navigazione e per i cookies tecnici, l&#8217;utente \u00e8 libero di fornire i propri dati personali attraverso l\u2019utilizzo di appositi form o moduli presenti nel sito per richiedere l&#8217;invio della newsletter, di materiale informativo o di altre comunicazioni e, pi\u00f9 in generale, per le finalit\u00e0 riportate nelle relative e specifiche informative. Il loro mancato conferimento pu\u00f2 comportare l&#8217;impossibilit\u00e0 di ottenere quanto richiesto.<\/p>\n<h2>MODALITA&#8217; DEL TRATTAMENTO<\/h2>\n<p>La nostra Societ\u00e0, quale titolare del trattamento, e ciascuno degli eventuali Responsabili esterni come sopra identificati, gestir\u00e0 ed archivier\u00e0 con strumenti automatizzati e\/o cartacei i dati personali raccolti attraverso l\u2019utilizzo del sito e delle sue diverse funzionalit\u00e0 attivabili a richiesta dell\u2019utente, per il tempo strettamente necessario a conseguire gli scopi per cui sono stati raccolti o volontariamente comunicati dall\u2019utente.<br \/>\nSpecifiche misure di sicurezza, come prevede l\u2019art. 32 del Regolamento (UE) 2016\/679, sono osservate per prevenire la perdita dei dati, usi illeciti o non corretti ed accessi non autorizzati.<br \/>\nI dati vengono gestiti solo da personale autorizzato dal titolare del trattamento.<br \/>\nIn nessun caso i dati saranno oggetto di diffusione.<br \/>\nSui predetti dati E\u2019 prevista attivit\u00e0 di profilazione personale dell\u2019utente, ad esempio comunicazione di marketing diretto.<\/p>\n<h2>DIRITTI DEGLI INTERESSATI<\/h2>\n<p>Ai soggetti cui si riferiscono i dati personali trattati sono garantiti tutti i diritti di cui agli articoli 15, 16, 17, 18 del Regolamento 679 (accesso con conferma dell&#8217;esistenza o meno del trattamento dei propri dati; rettifica, cancellazione e limitazione del trattamento quando ne ricorrano i casi).<br \/>\nL\u2019utente interessato ha il diritto di opporsi in ogni caso, per motivi legittimi, al loro trattamento.<br \/>\nLe richieste vanno rivolte:<br \/>\nPiazza Cittadella, 12 \u2013 37122 Verona \u2013 Italy, info@www.romeoegiuliettafoodandwine.com<br \/>\nC.F. 93279740232<\/p>\n<p>Conformemente a quanto previsto dall\u2019art. 13 del Regolamento (UE) 2016\/679, la nostra Societ\u00e0 Romeo e Giulietta Food and Wine con sede in Piazza Cittadella, 12 Verona Italia 37122, Titolare del trattamento, informa che il trattamento dei dati personali, compreso l\u2019indirizzo di posta elettronica, altri indirizzi o identificativi personali forniti mediante la compilazione dei moduli presenti nel proprio sito internet, verr\u00e0 effettuato per le finalit\u00e0 ed alle condizioni di seguito previste.<\/p>\n<p><strong>Natura dei dati trattati e finalit\u00e0 del trattamento<\/strong> <br \/>\nLa nostra Societ\u00e0 Romeo e Giulietta Food and Wine con sede in Piazza Cittadella, 12 Verona Italia 37122 acquisir\u00e0 e tratter\u00e0 unicamente dati anagrafici ed eventualmente fiscali; in nessun caso tratter\u00e0 dati definibili, ai sensi dell\u2019art. 9 del Regolamento 679, come \u201cparticolari\u201d.<br \/>\nI dati personali forniti a Romeo e Giulietta Food and Wine con sede in Piazza Cittadella, 12 Verona Italia 37122 verranno da questa trattati per il perseguimento delle seguenti finalit\u00e0:<br \/>\na) per dar seguito alle specifiche richieste comunicate a Romeo e Giulietta Food and Wine con sede in Piazza Cittadella, 12 Verona Italia 37122 per il tramite del suo sito internet;<br \/>\nb) per l\u2019iscrizione alla newsletter ed il conseguente ricevimento di comunicazioni informative varie concernenti il settore nel quale opera Romeo e Giulietta Food and Wine (denominazione e dati identificativi dell\u2019impresa o societ\u00e0), con sede a Verona (Italia), in Piazza Cittadella, 12 \u2013 C.F 93279740232.<br \/>\nc) per comunicazioni di natura commerciale, pubblicitaria ed illustrativa dei prodotti e servizi della stessa societ\u00e0. <\/p>\n<p><strong>Necessit\u00e0 del conferimento dei dati<\/strong> <br \/>\nIl conferimento dei dati \u00e8 necessario per poter consentirci di dare esecuzione alle richieste dell\u2019utente. Esso \u00e8, invece, facoltativo per le attivit\u00e0 promozionali e di marketing di cui alle lettere b) e c).\tL\u2019eventuale rifiuto a fornire, in tutto o in parte, i dati personali in oggetto potrebbe comportare l\u2019impossibilit\u00e0 di dare seguito alla richiesta dell\u2019interessato, ed impedirebbe, comunque, lo svolgimento delle attivit\u00e0 promozionali e di marketing.<\/p>\n<p><strong>Modalit\u00e0 del trattamento dei dati<\/strong> <br \/>\nI dati sono organizzati in archivi cartacei ed in banche dati elettroniche; il trattamento degli stessi avviene mediante l\u2019utilizzo di strumenti manuali, informatici, telematici e procedure idonee a garantirne la sicurezza e la riservatezza, nel rispetto comunque delle misure di sicurezza ritenute adeguate in forza dei principi del GDPR (art. 32).<\/p>\n<p><strong>Ambito di conoscenza dei dati<\/strong> <br \/>\nI dati possono essere conosciuti dal personale di Romeo e Giulietta Food and Wine con sede in Piazza Cittadella, 12 Verona Italia 37122 ed in particolare, verr\u00e0 a conoscenza dei dati il personale addetto all\u2019area commerciale e amministrativa.<\/p>\n<p><strong>Comunicazione e diffusione dei dati<\/strong> <br \/>\nI dati potranno essere comunicati da Romeo e Giulietta Food and Wine con sede in Piazza Cittadella, 12 Verona Italia 37122 a soggetti esterni, fra i quali:<br \/>\n&#8211; le aziende che fanno parte della rete;<br \/>\n&#8211; istituti bancari, in particolare per la gestione dei pagamenti;<br \/>\n&#8211; professionisti vari, fra cui professionisti di studi legali, per la tutela dei diritti nascenti dai rapporti contratti; <br \/>\n&#8211; societ\u00e0 esterne di gestione del marketing, incaricate dalla societ\u00e0; <br \/>\nIn nessun caso i dati saranno oggetto di diffusione.<\/p>\n<p><strong>Titolare del trattamento e responsabile<\/strong> <br \/>\nTitolare del trattamento \u00e8 Romeo e Giulietta Food and Wine con sede in Piazza Cittadella, 12 Verona Italia 37122.<\/p>\n<p><strong>Esercizio dei diritti di cui agli artt. 15-21 del Regolamento 679.<\/strong> <br \/>\nIn ogni momento, potrete esercitare i diritti in capo all\u2019interessato previsti dal GDPR, facendo richiesta a Romeo e Giulietta Food and Wine con sede in Piazza Cittadella, 12 Verona Italia 37122 oppure anche inviando una e-mail a: info@www.romeoegiuliettafoodandwine.com\n<\/p>\n<p style=\"font-size:10px;\"><strong>Note<\/strong> <br \/>\n(1) I dati inseriti dall\u2019interessato nel sito internet dell\u2019azienda titolare del trattamento possono essere utilizzati  per l\u2019invio di materiale pubblicitario o di vendita diretta o per il compimento di ricerche di mercato o di comunicazione commerciale tramite l\u2019impiego del telefono e della posta cartacea solo nei confronti di chi non abbia esercitato il diritto di opposizione mediante l\u2019iscrizione nel Registro Pubblico delle Opposizioni, salvo che l\u2019interessato abbia rilasciato un esplicito consenso in tal senso.<\/p>\n","protected":false},"excerpt":{"rendered":"<p>PRIVACY e COOKIE POLICY Gentile Visitatore, a seguito della consultazione di questo sito web possono essere trattati dati relativi a persone fisiche identificate o identificabili. In riferimento a tale trattamento di dati si rendono, anche ai sensi dell&#8217;art. 13 del&hellip;<\/p>\n","protected":false},"author":1,"featured_media":0,"parent":0,"menu_order":0,"comment_status":"closed","ping_status":"open","template":"","meta":{"footnotes":""},"class_list":["post-175","page","type-page","status-publish","hentry","entry","no-media"],"acf":[],"_links":{"self":[{"href":"https:\/\/www.romeoegiuliettafoodandwine.com\/en\/wp-json\/wp\/v2\/pages\/175\/"}],"collection":[{"href":"https:\/\/www.romeoegiuliettafoodandwine.com\/en\/wp-json\/wp\/v2\/pages\/"}],"about":[{"href":"https:\/\/www.romeoegiuliettafoodandwine.com\/en\/wp-json\/wp\/v2\/types\/page\/"}],"author":[{"embeddable":true,"href":"https:\/\/www.romeoegiuliettafoodandwine.com\/en\/wp-json\/wp\/v2\/users\/1\/"}],"replies":[{"embeddable":true,"href":"https:\/\/www.romeoegiuliettafoodandwine.com\/en\/wp-json\/wp\/v2\/comments\/?post=175"}],"version-history":[{"count":0,"href":"https:\/\/www.romeoegiuliettafoodandwine.com\/en\/wp-json\/wp\/v2\/pages\/175\/revisions\/"}],"wp:attachment":[{"href":"https:\/\/www.romeoegiuliettafoodandwine.com\/en\/wp-json\/wp\/v2\/media\/?parent=175"}],"curies":[{"name":"wp","href":"https:\/\/api.w.org\/{rel}","templated":true}]}}